{"id":6,"date":"2024-01-18T08:49:13","date_gmt":"2024-01-18T08:49:13","guid":{"rendered":"https:\/\/portal.edu-ict.ch\/?page_id=6"},"modified":"2024-10-01T08:21:24","modified_gmt":"2024-10-01T08:21:24","slug":"portal-edu-ict-ch","status":"publish","type":"page","link":"https:\/\/fndigiwa.edu-ict.ch\/","title":{"rendered":"Fachnetzwerk \u00abDigiWa\u00bb \u2013 Digitaler Wandel f\u00fcr Leitungspersonen"},"content":{"rendered":"\n<figure class=\"wp-block-image size-large\"><img loading=\"lazy\" decoding=\"async\" width=\"1024\" height=\"525\" src=\"https:\/\/fndigiwa.edu-ict.ch\/wp-content\/uploads\/2024\/10\/ICT_FN_DigiWa_C_1600pxbs-1024x525.png\" alt=\"Fachnetzwerk \u00abDigiWa\u00bb \u2013 Digitaler Wandel f\u00fcr Leitungspersonen\" class=\"wp-image-73\" srcset=\"https:\/\/fndigiwa.edu-ict.ch\/wp-content\/uploads\/2024\/10\/ICT_FN_DigiWa_C_1600pxbs-1024x525.png 1024w, https:\/\/fndigiwa.edu-ict.ch\/wp-content\/uploads\/2024\/10\/ICT_FN_DigiWa_C_1600pxbs-300x154.png 300w, https:\/\/fndigiwa.edu-ict.ch\/wp-content\/uploads\/2024\/10\/ICT_FN_DigiWa_C_1600pxbs-768x393.png 768w, https:\/\/fndigiwa.edu-ict.ch\/wp-content\/uploads\/2024\/10\/ICT_FN_DigiWa_C_1600pxbs-1536x787.png 1536w, https:\/\/fndigiwa.edu-ict.ch\/wp-content\/uploads\/2024\/10\/ICT_FN_DigiWa_C_1600pxbs-2048x1049.png 2048w\" sizes=\"auto, (max-width: 1024px) 100vw, 1024px\" \/><\/figure>\n\n\n\n<p><\/p>\n\n\n\n<p>Der digitale Wandel an den Z\u00fcrcher Volksschulen soll mit Fachnetzwerken gestaltet und vorangetrieben werden. W\u00e4hrend sich das Fachnetzwerk PICTS an ICT-Fachpersonen richtet und den Fokus auf das Erlangen der Kompetenzen des Moduls \u201eMedien und Informatik\u201c im Zyklus 1 (plus 3.\/4. Klasse) sowie auf die Anwendungskompetenzen in allen Zyklen des Z\u00fcrcher Lehrplans 21 legt, sind die Fachnetzwerke \u00abDigiWa\u00bb f\u00fcr Leitungspersonen im Schulumfeld gedacht und nehmen allgemeine Schulentwicklungsthemen rund um den digitalen Wandel auf. Die Fachnetzwerke \u00abPICTS\u00bb und \u00abDigiWa\u00bb dienen dazu, dass Schulen voneinander profitieren k\u00f6nnen, indem sie Entwicklungsschritte gemeinsam angehen oder bereits erarbeitete Konzepte f\u00fcr sich adaptieren k\u00f6nnen.<\/p>\n\n\n\n<p>Im Fachnetzwerk DigiWA vernetzen sich Leitungspersonen der strategischen und der operativen Ebene und f\u00f6rdern gemeinsam den digitalen Wandel an den Z\u00fcrcher Volksschulen. Dabei lassen sie sich von den folgenden Gedanken leiten:<\/p>\n\n\n\n<ul class=\"wp-block-list\">\n<li>Wir vernetzen uns und \u00fcbernehmen Verantwortung<\/li>\n\n\n\n<li>Wir f\u00f6rdern Visionen, Strategien, Innovationen, Mut und Positionierungen<\/li>\n\n\n\n<li>Wir sind initiativ und gestalten aktiv<\/li>\n\n\n\n<li>Wir nutzen Synergien, vermeiden Doppelspurigkeiten und teilen Wissen<\/li>\n<\/ul>\n\n\n\n<p><em>Communities of Practice (CoP)<\/em><\/p>\n\n\n\n<p>In einer Community of Practice werden vertieft Themen rund um den digitalen Wandel bearbeitet.<\/p>\n\n\n\n<p>Aktuell haben noch keine CoPs gestartet.<\/p>\n\n\n\n<p>M\u00f6chten Sie sich im Fachnetzwerk \u00abDigiWa\u00bb engagieren oder Ihre Erfahrungen in einer Community of Practice einbringen? Dann melden Sie sich bei der Fachstelle Bildung ICT des VSA: <a href=\"mailto:edu-ict@vsa.zh.ch\">edu-ict@vsa.zh.ch<\/a><\/p>\n\n\n\n<p><a href=\"https:\/\/fnzh.edu-ict.ch\">Hier gelangen Sie zur Cloud der Fachnetzwerke.<\/a><\/p>\n\n\n\n<p><\/p>\n","protected":false},"excerpt":{"rendered":"<p>Der digitale Wandel an den Z\u00fcrcher Volksschulen soll mit Fachnetzwerken gestaltet und vorangetrieben werden. W\u00e4hrend sich das Fachnetzwerk PICTS an ICT-Fachpersonen richtet und den Fokus auf das Erlangen der Kompetenzen des Moduls \u201eMedien und Informatik\u201c im Zyklus 1 (plus 3.\/4. Klasse) sowie auf die Anwendungskompetenzen in allen Zyklen des Z\u00fcrcher Lehrplans 21 legt, sind die &#8230; <a title=\"Fachnetzwerk \u00abDigiWa\u00bb \u2013 Digitaler Wandel f\u00fcr Leitungspersonen\" class=\"read-more\" href=\"https:\/\/fndigiwa.edu-ict.ch\/\" aria-label=\"Read more about Fachnetzwerk \u00abDigiWa\u00bb \u2013 Digitaler Wandel f\u00fcr Leitungspersonen\">mehr lesen<\/a><\/p>\n","protected":false},"author":1,"featured_media":0,"parent":0,"menu_order":0,"comment_status":"closed","ping_status":"closed","template":"","meta":{"inline_featured_image":false,"footnotes":""},"class_list":["post-6","page","type-page","status-publish"],"_links":{"self":[{"href":"https:\/\/fndigiwa.edu-ict.ch\/index.php\/wp-json\/wp\/v2\/pages\/6","targetHints":{"allow":["GET"]}}],"collection":[{"href":"https:\/\/fndigiwa.edu-ict.ch\/index.php\/wp-json\/wp\/v2\/pages"}],"about":[{"href":"https:\/\/fndigiwa.edu-ict.ch\/index.php\/wp-json\/wp\/v2\/types\/page"}],"author":[{"embeddable":true,"href":"https:\/\/fndigiwa.edu-ict.ch\/index.php\/wp-json\/wp\/v2\/users\/1"}],"replies":[{"embeddable":true,"href":"https:\/\/fndigiwa.edu-ict.ch\/index.php\/wp-json\/wp\/v2\/comments?post=6"}],"version-history":[{"count":22,"href":"https:\/\/fndigiwa.edu-ict.ch\/index.php\/wp-json\/wp\/v2\/pages\/6\/revisions"}],"predecessor-version":[{"id":77,"href":"https:\/\/fndigiwa.edu-ict.ch\/index.php\/wp-json\/wp\/v2\/pages\/6\/revisions\/77"}],"wp:attachment":[{"href":"https:\/\/fndigiwa.edu-ict.ch\/index.php\/wp-json\/wp\/v2\/media?parent=6"}],"curies":[{"name":"wp","href":"https:\/\/api.w.org\/{rel}","templated":true}]}}